{"id":34,"date":"2015-06-11T18:37:21","date_gmt":"2015-06-11T18:37:21","guid":{"rendered":"http:\/\/ollegaarden.dk\/?page_id=34"},"modified":"2022-11-30T08:30:08","modified_gmt":"2022-11-30T08:30:08","slug":"about-us","status":"publish","type":"page","link":"https:\/\/ollegaarden.dk\/?page_id=34","title":{"rendered":"Pr\u00e6sentation af os"},"content":{"rendered":"<p>Vi bor i Odsherred i et meget natursk\u00f8nt omr\u00e5de sammen med vores to d\u00f8tre, 2 hunde og 2 katte. Vi har gennem \u00e5rene brugt en stor del af livet p\u00e5 n\u00e6rmest alle former for hundetr\u00e6ning og udstillinger. Vi har dyrket agility, rally, tricks og lydighed. Vi har haft Hyrdehunde siden 1987 og fik vores f\u00f8rste Border Collie i 2018 efter at have ledt efter dr\u00f8mmehunden i mange \u00e5r. Vi adopterede It&#8217;s All Mine Yippie Ya Yeah og dermed blev dr\u00f8mmen opfyldt.\u00a0<\/p>\n<p>Peter er h\u00e5ndv\u00e6rker og jeg (Christina) er dyrl\u00e6ge. Jeg har arbejdet som forsker og har en ph.d indenfor arvelige epilepsiformer hos hunde. Derudover har jeg en r\u00e6kke efteruddannelser s\u00e5som veterin\u00e6r kiropraktor, master familiedyrssygdomme indenfor specialiseringen kirurgi og er ogs\u00e5 fagdyrl\u00e6ge. Som det m\u00e5ske fremg\u00e5r er jeg fuldst\u00e6ndig gal med dyr og is\u00e6r hunde og katte. Jeg har \u00f8nsker mig en hund siden jeg var 4 \u00e5r gammel og at v\u00e6re dyrl\u00e6ge siden jeg var 5.<\/p>\n<p>Jeg har DKK&#8217;s opdr\u00e6tteruddannelse og er meget bevidst om det store ansvar som man har som opdr\u00e6tter.\u00a0<\/p>\n<p>Vores m\u00e5l er at avle hunde som er sunde i krop og sj\u00e6l. De hvalpe vi \u00f8nsker at lave skal g\u00f8re noget godt for racen frem for noget skidt. Vi ved at jobbet kan v\u00e6re sv\u00e6rt men vi g\u00f8r vores allerbedste.<\/p>\n<p>Vi er naturligvis medlem af DKK og Den Danske Border Collie Klub.\u00a0<\/p>\n<p>Vi har sj\u00e6ldent kuld og s\u00e6lger kun hvalpene til mennesker som vi mener kan give vores 4-benede pelsb\u00f8rn det bedste liv!<\/p>\n<p>Kontakt os gerne for en snak.\u00a0<\/p>\n<p>\u00a0<\/p>\n\n\n<figure class=\"wp-block-image\"><img loading=\"lazy\" decoding=\"async\" width=\"1024\" height=\"768\" src=\"http:\/\/ollegaarden.dk\/wp-content\/uploads\/2021\/09\/120_2065-1024x768.jpg\" alt=\"\" class=\"wp-image-365\" srcset=\"https:\/\/ollegaarden.dk\/wp-content\/uploads\/2021\/09\/120_2065-1024x768.jpg 1024w, https:\/\/ollegaarden.dk\/wp-content\/uploads\/2021\/09\/120_2065-300x225.jpg 300w, https:\/\/ollegaarden.dk\/wp-content\/uploads\/2021\/09\/120_2065-768x576.jpg 768w\" sizes=\"auto, (max-width: 1024px) 100vw, 1024px\" \/><figcaption class=\"wp-element-caption\">Ollegaarden 2004<\/figcaption><\/figure>\n\n\n\n<figure class=\"wp-block-image\"><img loading=\"lazy\" decoding=\"async\" width=\"1024\" height=\"768\" src=\"http:\/\/ollegaarden.dk\/wp-content\/uploads\/2021\/09\/ollegaarden_aug041-1024x768.jpg\" alt=\"\" class=\"wp-image-366\" srcset=\"https:\/\/ollegaarden.dk\/wp-content\/uploads\/2021\/09\/ollegaarden_aug041-1024x768.jpg 1024w, https:\/\/ollegaarden.dk\/wp-content\/uploads\/2021\/09\/ollegaarden_aug041-300x225.jpg 300w, https:\/\/ollegaarden.dk\/wp-content\/uploads\/2021\/09\/ollegaarden_aug041-768x576.jpg 768w\" sizes=\"auto, (max-width: 1024px) 100vw, 1024px\" \/><figcaption class=\"wp-element-caption\">Ollegaarden 2004<\/figcaption><\/figure>\n","protected":false},"excerpt":{"rendered":"<p>Vi bor i Odsherred i et meget natursk\u00f8nt omr\u00e5de sammen med vores to d\u00f8tre, 2 hunde og 2 katte. Vi har gennem \u00e5rene brugt en stor del af livet p\u00e5 n\u00e6rmest alle former for hundetr\u00e6ning og udstillinger. Vi har dyrket agility, rally, tricks og lydighed. Vi har haft Hyrdehunde siden 1987 og fik vores f\u00f8rste Border Collie i 2018 efter at have ledt efter dr\u00f8mmehunden i mange \u00e5r. Vi adopterede It&#8217;s All Mine Yippie Ya Yeah og dermed blev dr\u00f8mmen opfyldt.\u00a0 Peter er h\u00e5ndv\u00e6rker og jeg (Christina) er dyrl\u00e6ge. Jeg har arbejdet som forsker og har en ph.d indenfor arvelige epilepsiformer hos hunde. Derudover har jeg en r\u00e6kke efteruddannelser s\u00e5som<a href=\"https:\/\/ollegaarden.dk\/?page_id=34\">Read More &raquo;<\/a><\/p>\n","protected":false},"author":1,"featured_media":41,"parent":0,"menu_order":0,"comment_status":"closed","ping_status":"closed","template":"","meta":{"footnotes":""},"class_list":["post-34","page","type-page","status-publish","has-post-thumbnail","hentry"],"_links":{"self":[{"href":"https:\/\/ollegaarden.dk\/index.php?rest_route=\/wp\/v2\/pages\/34","targetHints":{"allow":["GET"]}}],"collection":[{"href":"https:\/\/ollegaarden.dk\/index.php?rest_route=\/wp\/v2\/pages"}],"about":[{"href":"https:\/\/ollegaarden.dk\/index.php?rest_route=\/wp\/v2\/types\/page"}],"author":[{"embeddable":true,"href":"https:\/\/ollegaarden.dk\/index.php?rest_route=\/wp\/v2\/users\/1"}],"replies":[{"embeddable":true,"href":"https:\/\/ollegaarden.dk\/index.php?rest_route=%2Fwp%2Fv2%2Fcomments&post=34"}],"version-history":[{"count":21,"href":"https:\/\/ollegaarden.dk\/index.php?rest_route=\/wp\/v2\/pages\/34\/revisions"}],"predecessor-version":[{"id":459,"href":"https:\/\/ollegaarden.dk\/index.php?rest_route=\/wp\/v2\/pages\/34\/revisions\/459"}],"wp:featuredmedia":[{"embeddable":true,"href":"https:\/\/ollegaarden.dk\/index.php?rest_route=\/wp\/v2\/media\/41"}],"wp:attachment":[{"href":"https:\/\/ollegaarden.dk\/index.php?rest_route=%2Fwp%2Fv2%2Fmedia&parent=34"}],"curies":[{"name":"wp","href":"https:\/\/api.w.org\/{rel}","templated":true}]}}